{"id":6,"date":"2017-02-13T13:42:01","date_gmt":"2017-02-13T13:42:01","guid":{"rendered":"http:\/\/localhost\/new_wp\/?page_id=5"},"modified":"2024-01-18T16:36:51","modified_gmt":"2024-01-18T15:36:51","slug":"home","status":"publish","type":"page","link":"https:\/\/annie-darmon-tetart.fr\/","title":{"rendered":"Home"},"content":{"rendered":"\n<div class=\"wp-block-columns is-layout-flex wp-container-core-columns-layout-1 wp-block-columns-is-layout-flex\">\n<div class=\"wp-block-column is-layout-flow wp-block-column-is-layout-flow\">\n<p> <\/p>\n<\/div>\n<\/div>\n\n\n\n<p class=\"has-text-align-left has-medium-font-size\" style=\"font-style:normal;font-weight:400\">Annie Darmon Tetart est une artiste-peintre parisienne. Sa technique se caract\u00e9rise par l&rsquo;utilisation d\u00e9complex\u00e9e, presque instinctive, de diff\u00e9rents m\u00e9diums :\u00a0 peinture \u00e0 l&rsquo;huile, acrylique, collages, gouache, transferts photos, aquarelle, crayons de couleurs. Elle puise ses sujets et son inspiration dans l&rsquo;actualit\u00e9.<\/p>\n\n\n\n<p class=\"has-text-align-left has-medium-font-size\" style=\"font-style:italic;font-weight:900\"><em>\u00ab\u00a0Une phrase, une photo, un \u00e9v\u00e8nement. L\u2019id\u00e9e surgit et&nbsp;s\u2019impose\u00a0\u00bb.<\/em><\/p>\n\n\n\n<p class=\"has-text-align-left has-medium-font-size\">&nbsp;Son style singulier tire sa force d&rsquo;accidents visuels, diss\u00e9min\u00e9s \u00e0 dessein pour bousculer le regard et pousser \u00e0 l&rsquo;interrogation.<\/p>\n\n\n\n<div class=\"wp-block-columns is-layout-flex wp-container-core-columns-layout-2 wp-block-columns-is-layout-flex\">\n<div class=\"wp-block-column is-layout-flow wp-block-column-is-layout-flow\" style=\"flex-basis:25%\"><\/div>\n\n\n\n<div class=\"wp-block-column is-vertically-aligned-center is-layout-flow wp-block-column-is-layout-flow\" style=\"flex-basis:50%\">\n<hr class=\"wp-block-separator has-alpha-channel-opacity\"\/>\n<\/div>\n\n\n\n<div class=\"wp-block-column is-layout-flow wp-block-column-is-layout-flow\" style=\"flex-basis:25%\"><\/div>\n<\/div>\n\n\n\n<p class=\"has-vivid-cyan-blue-color has-text-color has-link-color wp-elements-65c63fe561801bc31071e6e47a4fbd58\" style=\"text-decoration:underline\"><a href=\"https:\/\/www.theartcycle.fr\/artiste\/annie_darmon-tetart\">R<\/a><a href=\"https:\/\/www.theartcycle.fr\/artiste\/annie_darmon-tetart\" target=\"_blank\" rel=\"noreferrer noopener\">etrouver certaines \u0153uvres sur la galerie  en ligne<\/a> The Art Cycle<\/p>\n","protected":false},"excerpt":{"rendered":"<p>Annie Darmon Tetart est une artiste-peintre parisienne. Sa technique se caract\u00e9rise par l&rsquo;utilisation d\u00e9complex\u00e9e, presque instinctive, de diff\u00e9rents m\u00e9diums :\u00a0 peinture \u00e0 l&rsquo;huile, acrylique, collages, gouache, transferts photos, aquarelle, crayons de couleurs. Elle puise ses sujets et son inspiration dans l&rsquo;actualit\u00e9. \u00ab\u00a0Une phrase, une photo, un \u00e9v\u00e8nement. L\u2019id\u00e9e surgit et&nbsp;s\u2019impose\u00a0\u00bb. &nbsp;Son style singulier tire sa [&hellip;]<\/p>\n","protected":false},"author":1,"featured_media":561,"parent":0,"menu_order":0,"comment_status":"closed","ping_status":"closed","template":"archive-portfolio.php","meta":{"footnotes":""},"acf":[],"_links":{"self":[{"href":"https:\/\/annie-darmon-tetart.fr\/index.php?rest_route=\/wp\/v2\/pages\/6"}],"collection":[{"href":"https:\/\/annie-darmon-tetart.fr\/index.php?rest_route=\/wp\/v2\/pages"}],"about":[{"href":"https:\/\/annie-darmon-tetart.fr\/index.php?rest_route=\/wp\/v2\/types\/page"}],"author":[{"embeddable":true,"href":"https:\/\/annie-darmon-tetart.fr\/index.php?rest_route=\/wp\/v2\/users\/1"}],"replies":[{"embeddable":true,"href":"https:\/\/annie-darmon-tetart.fr\/index.php?rest_route=%2Fwp%2Fv2%2Fcomments&post=6"}],"version-history":[{"count":74,"href":"https:\/\/annie-darmon-tetart.fr\/index.php?rest_route=\/wp\/v2\/pages\/6\/revisions"}],"predecessor-version":[{"id":1305,"href":"https:\/\/annie-darmon-tetart.fr\/index.php?rest_route=\/wp\/v2\/pages\/6\/revisions\/1305"}],"wp:featuredmedia":[{"embeddable":true,"href":"https:\/\/annie-darmon-tetart.fr\/index.php?rest_route=\/wp\/v2\/media\/561"}],"wp:attachment":[{"href":"https:\/\/annie-darmon-tetart.fr\/index.php?rest_route=%2Fwp%2Fv2%2Fmedia&parent=6"}],"curies":[{"name":"wp","href":"https:\/\/api.w.org\/{rel}","templated":true}]}}